{"id":624,"date":"2023-12-01T21:40:22","date_gmt":"2023-12-01T21:40:22","guid":{"rendered":"https:\/\/rocher-barrat.fr\/?page_id=624"},"modified":"2026-03-31T11:04:20","modified_gmt":"2026-03-31T11:04:20","slug":"cercle-de-femmes","status":"publish","type":"page","link":"https:\/\/rocher-barrat.fr\/?page_id=624","title":{"rendered":"Cercle de femmes"},"content":{"rendered":"<p>De quoi s\u2019agit-il exactement ?<br \/>\nC\u2019est un espace de parole et de sororit\u00e9 bienveillant o\u00f9 l\u2019on se retrouve entre femmes pour partager notre v\u00e9cus, nos \u00e9motions et nos exp\u00e9riences sans jugement. L\u2019enjeu est de favoriser la reconnexion \u00e0 vous-m\u00eame et la gu\u00e9rison \u00e9motionnelle. Ces rencontres permettent de lib\u00e9rer la parole, de se sentir soutenue et de d\u00e9velopper sa confiance en soi.<\/p>\n<p>Chaque cercle se d\u00e9roule en 2 temps : int\u00e9riorit\u00e9 puis partage. 2 formules possibles :<\/p>\n<p>. EN LIGNE (en fran\u00e7ais) : Le dernier jeudi de chaque mois, de septembre \u00e0 juin. De 19h30 \u00e0 21h30. Les portes r\u00e9-ouvrent jeudi 24 septembre 2026.<br \/>\nTarif : 30 euros par s\u00e9ance.<\/p>\n<p>. EN PRESENTIEL (en italien)<br \/>\n\u00c0 Buttigliera Alta (\u00e0 25 km de Turin). Accessible en train depuis Turin Porta Nuova \u00e0 Rosta (2,5km \u00e0 pied)<br \/>\nPour c\u00e9l\u00e9brer ensemble chaque saison :<br \/>\n\u2013 Dimanche 20 septembre 2026<br \/>\n\u2013 Mardi 8 d\u00e9cembre 2026<br \/>\n\u2013 Samedi 20 mars 2027<br \/>\n\u2013 Dimanche 20 juin 2027<br \/>\nDe 10:00 \u00e0 17:00.<br \/>\nTarif : 75 \u20ac pour la journ\u00e9e. D\u00e9jeuner partag\u00e9 (chacun apporte un plat)<\/p>\n<p>Nombre de places limit\u00e9es \u00e0 8 personnes.<\/p>\n<p>Inscription: rocherbarrat.constance@gmail.com<\/p>\n<p>T\u00e9moignages de femmes :<br \/>\n\u00ab un temps pour soi si juste, bienveillant qui nourrit l\u2019\u00e2me, et donne des cl\u00e9s pour notre chemin de vie \u00bb<br \/>\n\u00ab un lieu de partage chaleureux et bienveillant avec des th\u00e8mes qui touchent \u00e0 ce qui est Essentiel. \u00bb<\/p>\n","protected":false},"excerpt":{"rendered":"<p>De quoi s\u2019agit-il exactement ? C\u2019est un espace de parole et de sororit\u00e9 bienveillant o\u00f9 l\u2019on se retrouve entre femmes pour partager notre v\u00e9cus, nos \u00e9motions et nos exp\u00e9riences sans jugement. L\u2019enjeu est de favoriser la reconnexion \u00e0 vous-m\u00eame et la gu\u00e9rison \u00e9motionnelle. Ces rencontres permettent de lib\u00e9rer la parole, de se sentir soutenue et&hellip; <br \/> <a class=\"read-more\" href=\"https:\/\/rocher-barrat.fr\/?page_id=624\">Leggi tutto<\/a><\/p>\n","protected":false},"author":1,"featured_media":641,"parent":0,"menu_order":0,"comment_status":"closed","ping_status":"closed","template":"","meta":{"footnotes":""},"class_list":["post-624","page","type-page","status-publish","has-post-thumbnail","hentry"],"yoast_head":"<!-- This site is optimized with the Yoast SEO plugin v20.8 - https:\/\/yoast.com\/wordpress\/plugins\/seo\/ -->\n<title>Cercle de femmes -<\/title>\n<meta name=\"robots\" content=\"index, follow, max-snippet:-1, max-image-preview:large, max-video-preview:-1\" \/>\n<link rel=\"canonical\" href=\"https:\/\/rocher-barrat.fr\/?page_id=624\" \/>\n<meta property=\"og:locale\" content=\"it_IT\" \/>\n<meta property=\"og:type\" content=\"article\" \/>\n<meta property=\"og:title\" content=\"Cercle de femmes -\" \/>\n<meta property=\"og:description\" content=\"De quoi s\u2019agit-il exactement ? C\u2019est un espace de parole et de sororit\u00e9 bienveillant o\u00f9 l\u2019on se retrouve entre femmes pour partager notre v\u00e9cus, nos \u00e9motions et nos exp\u00e9riences sans jugement. L\u2019enjeu est de favoriser la reconnexion \u00e0 vous-m\u00eame et la gu\u00e9rison \u00e9motionnelle. Ces rencontres permettent de lib\u00e9rer la parole, de se sentir soutenue et&hellip; Leggi tutto\" \/>\n<meta property=\"og:url\" content=\"https:\/\/rocher-barrat.fr\/?page_id=624\" \/>\n<meta property=\"article:publisher\" content=\"https:\/\/www.facebook.com\/constance.rocherbarrat\/\" \/>\n<meta property=\"article:modified_time\" content=\"2026-03-31T11:04:20+00:00\" \/>\n<meta property=\"og:image\" content=\"https:\/\/rocher-barrat.fr\/wp-content\/uploads\/2023\/12\/georgia-de-lotz-sTNpGQ-94yo-unsplash-1-scaled.jpg\" \/>\n\t<meta property=\"og:image:width\" content=\"2560\" \/>\n\t<meta property=\"og:image:height\" content=\"2560\" \/>\n\t<meta property=\"og:image:type\" content=\"image\/jpeg\" \/>\n<meta name=\"twitter:card\" content=\"summary_large_image\" \/>\n<meta name=\"twitter:label1\" content=\"Tempo di lettura stimato\" \/>\n\t<meta name=\"twitter:data1\" content=\"2 minuti\" \/>\n<script type=\"application\/ld+json\" class=\"yoast-schema-graph\">{\"@context\":\"https:\/\/schema.org\",\"@graph\":[{\"@type\":\"WebPage\",\"@id\":\"https:\/\/rocher-barrat.fr\/?page_id=624\",\"url\":\"https:\/\/rocher-barrat.fr\/?page_id=624\",\"name\":\"Cercle de femmes -\",\"isPartOf\":{\"@id\":\"https:\/\/rocher-barrat.fr\/#website\"},\"datePublished\":\"2023-12-01T21:40:22+00:00\",\"dateModified\":\"2026-03-31T11:04:20+00:00\",\"breadcrumb\":{\"@id\":\"https:\/\/rocher-barrat.fr\/?page_id=624#breadcrumb\"},\"inLanguage\":\"it-IT\",\"potentialAction\":[{\"@type\":\"ReadAction\",\"target\":[\"https:\/\/rocher-barrat.fr\/?page_id=624\"]}]},{\"@type\":\"BreadcrumbList\",\"@id\":\"https:\/\/rocher-barrat.fr\/?page_id=624#breadcrumb\",\"itemListElement\":[{\"@type\":\"ListItem\",\"position\":1,\"name\":\"Home\",\"item\":\"https:\/\/rocher-barrat.fr\/\"},{\"@type\":\"ListItem\",\"position\":2,\"name\":\"Cercle de femmes\"}]},{\"@type\":\"WebSite\",\"@id\":\"https:\/\/rocher-barrat.fr\/#website\",\"url\":\"https:\/\/rocher-barrat.fr\/\",\"name\":\"\",\"description\":\"Psychologue et th\u00e9rapeute en intelligence relationnelle\",\"potentialAction\":[{\"@type\":\"SearchAction\",\"target\":{\"@type\":\"EntryPoint\",\"urlTemplate\":\"https:\/\/rocher-barrat.fr\/?s={search_term_string}\"},\"query-input\":\"required name=search_term_string\"}],\"inLanguage\":\"it-IT\"}]}<\/script>\n<!-- \/ Yoast SEO plugin. -->","yoast_head_json":{"title":"Cercle de femmes -","robots":{"index":"index","follow":"follow","max-snippet":"max-snippet:-1","max-image-preview":"max-image-preview:large","max-video-preview":"max-video-preview:-1"},"canonical":"https:\/\/rocher-barrat.fr\/?page_id=624","og_locale":"it_IT","og_type":"article","og_title":"Cercle de femmes -","og_description":"De quoi s\u2019agit-il exactement ? C\u2019est un espace de parole et de sororit\u00e9 bienveillant o\u00f9 l\u2019on se retrouve entre femmes pour partager notre v\u00e9cus, nos \u00e9motions et nos exp\u00e9riences sans jugement. L\u2019enjeu est de favoriser la reconnexion \u00e0 vous-m\u00eame et la gu\u00e9rison \u00e9motionnelle. Ces rencontres permettent de lib\u00e9rer la parole, de se sentir soutenue et&hellip; Leggi tutto","og_url":"https:\/\/rocher-barrat.fr\/?page_id=624","article_publisher":"https:\/\/www.facebook.com\/constance.rocherbarrat\/","article_modified_time":"2026-03-31T11:04:20+00:00","og_image":[{"width":2560,"height":2560,"url":"https:\/\/rocher-barrat.fr\/wp-content\/uploads\/2023\/12\/georgia-de-lotz-sTNpGQ-94yo-unsplash-1-scaled.jpg","type":"image\/jpeg"}],"twitter_card":"summary_large_image","twitter_misc":{"Tempo di lettura stimato":"2 minuti"},"schema":{"@context":"https:\/\/schema.org","@graph":[{"@type":"WebPage","@id":"https:\/\/rocher-barrat.fr\/?page_id=624","url":"https:\/\/rocher-barrat.fr\/?page_id=624","name":"Cercle de femmes -","isPartOf":{"@id":"https:\/\/rocher-barrat.fr\/#website"},"datePublished":"2023-12-01T21:40:22+00:00","dateModified":"2026-03-31T11:04:20+00:00","breadcrumb":{"@id":"https:\/\/rocher-barrat.fr\/?page_id=624#breadcrumb"},"inLanguage":"it-IT","potentialAction":[{"@type":"ReadAction","target":["https:\/\/rocher-barrat.fr\/?page_id=624"]}]},{"@type":"BreadcrumbList","@id":"https:\/\/rocher-barrat.fr\/?page_id=624#breadcrumb","itemListElement":[{"@type":"ListItem","position":1,"name":"Home","item":"https:\/\/rocher-barrat.fr\/"},{"@type":"ListItem","position":2,"name":"Cercle de femmes"}]},{"@type":"WebSite","@id":"https:\/\/rocher-barrat.fr\/#website","url":"https:\/\/rocher-barrat.fr\/","name":"","description":"Psychologue et th\u00e9rapeute en intelligence relationnelle","potentialAction":[{"@type":"SearchAction","target":{"@type":"EntryPoint","urlTemplate":"https:\/\/rocher-barrat.fr\/?s={search_term_string}"},"query-input":"required name=search_term_string"}],"inLanguage":"it-IT"}]}},"_links":{"self":[{"href":"https:\/\/rocher-barrat.fr\/index.php?rest_route=\/wp\/v2\/pages\/624","targetHints":{"allow":["GET"]}}],"collection":[{"href":"https:\/\/rocher-barrat.fr\/index.php?rest_route=\/wp\/v2\/pages"}],"about":[{"href":"https:\/\/rocher-barrat.fr\/index.php?rest_route=\/wp\/v2\/types\/page"}],"author":[{"embeddable":true,"href":"https:\/\/rocher-barrat.fr\/index.php?rest_route=\/wp\/v2\/users\/1"}],"replies":[{"embeddable":true,"href":"https:\/\/rocher-barrat.fr\/index.php?rest_route=%2Fwp%2Fv2%2Fcomments&post=624"}],"version-history":[{"count":32,"href":"https:\/\/rocher-barrat.fr\/index.php?rest_route=\/wp\/v2\/pages\/624\/revisions"}],"predecessor-version":[{"id":1251,"href":"https:\/\/rocher-barrat.fr\/index.php?rest_route=\/wp\/v2\/pages\/624\/revisions\/1251"}],"wp:featuredmedia":[{"embeddable":true,"href":"https:\/\/rocher-barrat.fr\/index.php?rest_route=\/wp\/v2\/media\/641"}],"wp:attachment":[{"href":"https:\/\/rocher-barrat.fr\/index.php?rest_route=%2Fwp%2Fv2%2Fmedia&parent=624"}],"curies":[{"name":"wp","href":"https:\/\/api.w.org\/{rel}","templated":true}]}}