{"id":420,"date":"2023-01-28T15:06:47","date_gmt":"2023-01-28T15:06:47","guid":{"rendered":"http:\/\/rocher-barrat.fr\/?page_id=420"},"modified":"2026-03-31T13:44:14","modified_gmt":"2026-03-31T13:44:14","slug":"partenaires","status":"publish","type":"page","link":"https:\/\/rocher-barrat.fr\/?page_id=420","title":{"rendered":"En plus&#8230;"},"content":{"rendered":"<p>NOURRIR VOTRE VIE DE COUPLE&#8230;<\/p>\n<p>Des lectures:<br \/>\nLe Slow Sex &#8211; S\u2019aimer en pleine conscience d&#8217;Anne et Jean-Fran\u00e7ois Descombes<br \/>\nSlow sex pour les femmes &#8211; quand le corps dit pleinement de Diana Richardson<br \/>\nSlow Sex pour les hommes : Faire de l&#8217;Amour une m\u00e9ditation de Michael Richardson &#038; Diana Richardson<\/p>\n<p>Un postcast des amoureux<br \/>\nwww.lespaceducouple.com\/notre-podcast<\/p>\n<p>Accompagnement des expatri\u00e9s francophones dans le monde<br \/>\nhttps:\/\/www.expat-pro.com\/42\/expat-pro-couple<\/p>\n<p>NOURRIR VOTRE VIE DE FEMME&#8230;<\/p>\n<p>Atelier Rapha\u00eblle<br \/>\nRapha\u00eblle accompagne les femmes \u00e0 \u00eatre rayonnantes et \u00e0 mieux se conna\u00eetre par le v\u00eatement !<br \/>\nwww.atelier-raphaelle.com  <\/p>\n<p>Article dans le magazine Z\u00e9lie n\u00b0114. Page 19. https:\/\/www.magazine-zelie.com\/<br \/>\n\u00ab Constance Rocher-Barrat : La terre me nourrit et m\u2019apaise \u00bb<\/p>\n","protected":false},"excerpt":{"rendered":"<p>NOURRIR VOTRE VIE DE COUPLE&#8230; Des lectures: Le Slow Sex &#8211; S\u2019aimer en pleine conscience d&#8217;Anne et Jean-Fran\u00e7ois Descombes Slow sex pour les femmes &#8211; quand le corps dit pleinement de Diana Richardson Slow Sex pour les hommes : Faire de l&#8217;Amour une m\u00e9ditation de Michael Richardson &#038; Diana Richardson Un postcast des amoureux www.lespaceducouple.com\/notre-podcast&hellip; <br \/> <a class=\"read-more\" href=\"https:\/\/rocher-barrat.fr\/?page_id=420\">Leggi tutto<\/a><\/p>\n","protected":false},"author":1,"featured_media":672,"parent":0,"menu_order":0,"comment_status":"closed","ping_status":"closed","template":"","meta":{"footnotes":""},"class_list":["post-420","page","type-page","status-publish","has-post-thumbnail","hentry"],"yoast_head":"<!-- This site is optimized with the Yoast SEO plugin v20.8 - https:\/\/yoast.com\/wordpress\/plugins\/seo\/ -->\n<title>En plus... -<\/title>\n<meta name=\"description\" content=\"En Couple Simone, du coaching, des formations et plein d\u2019autres outils pour te permettre de cr\u00e9er une vie de couple qui te convient.\" \/>\n<meta name=\"robots\" content=\"index, follow, max-snippet:-1, max-image-preview:large, max-video-preview:-1\" \/>\n<link rel=\"canonical\" href=\"https:\/\/rocher-barrat.fr\/?page_id=420\" \/>\n<meta property=\"og:locale\" content=\"it_IT\" \/>\n<meta property=\"og:type\" content=\"article\" \/>\n<meta property=\"og:title\" content=\"En plus... -\" \/>\n<meta property=\"og:description\" content=\"En Couple Simone, du coaching, des formations et plein d\u2019autres outils pour te permettre de cr\u00e9er une vie de couple qui te convient.\" \/>\n<meta property=\"og:url\" content=\"https:\/\/rocher-barrat.fr\/?page_id=420\" \/>\n<meta property=\"article:publisher\" content=\"https:\/\/www.facebook.com\/constance.rocherbarrat\/\" \/>\n<meta property=\"article:modified_time\" content=\"2026-03-31T13:44:14+00:00\" \/>\n<meta property=\"og:image\" content=\"https:\/\/rocher-barrat.fr\/wp-content\/uploads\/2024\/01\/andrew-ridley-jR4Zf-riEjI-unsplash-scaled.jpg\" \/>\n\t<meta property=\"og:image:width\" content=\"2560\" \/>\n\t<meta property=\"og:image:height\" content=\"1920\" \/>\n\t<meta property=\"og:image:type\" content=\"image\/jpeg\" \/>\n<meta name=\"twitter:card\" content=\"summary_large_image\" \/>\n<meta name=\"twitter:label1\" content=\"Tempo di lettura stimato\" \/>\n\t<meta name=\"twitter:data1\" content=\"1 minuto\" \/>\n<script type=\"application\/ld+json\" class=\"yoast-schema-graph\">{\"@context\":\"https:\/\/schema.org\",\"@graph\":[{\"@type\":\"WebPage\",\"@id\":\"https:\/\/rocher-barrat.fr\/?page_id=420\",\"url\":\"https:\/\/rocher-barrat.fr\/?page_id=420\",\"name\":\"En plus... -\",\"isPartOf\":{\"@id\":\"https:\/\/rocher-barrat.fr\/#website\"},\"datePublished\":\"2023-01-28T15:06:47+00:00\",\"dateModified\":\"2026-03-31T13:44:14+00:00\",\"description\":\"En Couple Simone, du coaching, des formations et plein d\u2019autres outils pour te permettre de cr\u00e9er une vie de couple qui te convient.\",\"breadcrumb\":{\"@id\":\"https:\/\/rocher-barrat.fr\/?page_id=420#breadcrumb\"},\"inLanguage\":\"it-IT\",\"potentialAction\":[{\"@type\":\"ReadAction\",\"target\":[\"https:\/\/rocher-barrat.fr\/?page_id=420\"]}]},{\"@type\":\"BreadcrumbList\",\"@id\":\"https:\/\/rocher-barrat.fr\/?page_id=420#breadcrumb\",\"itemListElement\":[{\"@type\":\"ListItem\",\"position\":1,\"name\":\"Home\",\"item\":\"https:\/\/rocher-barrat.fr\/\"},{\"@type\":\"ListItem\",\"position\":2,\"name\":\"En plus&#8230;\"}]},{\"@type\":\"WebSite\",\"@id\":\"https:\/\/rocher-barrat.fr\/#website\",\"url\":\"https:\/\/rocher-barrat.fr\/\",\"name\":\"\",\"description\":\"Psychologue et th\u00e9rapeute en intelligence relationnelle\",\"potentialAction\":[{\"@type\":\"SearchAction\",\"target\":{\"@type\":\"EntryPoint\",\"urlTemplate\":\"https:\/\/rocher-barrat.fr\/?s={search_term_string}\"},\"query-input\":\"required name=search_term_string\"}],\"inLanguage\":\"it-IT\"}]}<\/script>\n<!-- \/ Yoast SEO plugin. -->","yoast_head_json":{"title":"En plus... -","description":"En Couple Simone, du coaching, des formations et plein d\u2019autres outils pour te permettre de cr\u00e9er une vie de couple qui te convient.","robots":{"index":"index","follow":"follow","max-snippet":"max-snippet:-1","max-image-preview":"max-image-preview:large","max-video-preview":"max-video-preview:-1"},"canonical":"https:\/\/rocher-barrat.fr\/?page_id=420","og_locale":"it_IT","og_type":"article","og_title":"En plus... -","og_description":"En Couple Simone, du coaching, des formations et plein d\u2019autres outils pour te permettre de cr\u00e9er une vie de couple qui te convient.","og_url":"https:\/\/rocher-barrat.fr\/?page_id=420","article_publisher":"https:\/\/www.facebook.com\/constance.rocherbarrat\/","article_modified_time":"2026-03-31T13:44:14+00:00","og_image":[{"width":2560,"height":1920,"url":"https:\/\/rocher-barrat.fr\/wp-content\/uploads\/2024\/01\/andrew-ridley-jR4Zf-riEjI-unsplash-scaled.jpg","type":"image\/jpeg"}],"twitter_card":"summary_large_image","twitter_misc":{"Tempo di lettura stimato":"1 minuto"},"schema":{"@context":"https:\/\/schema.org","@graph":[{"@type":"WebPage","@id":"https:\/\/rocher-barrat.fr\/?page_id=420","url":"https:\/\/rocher-barrat.fr\/?page_id=420","name":"En plus... -","isPartOf":{"@id":"https:\/\/rocher-barrat.fr\/#website"},"datePublished":"2023-01-28T15:06:47+00:00","dateModified":"2026-03-31T13:44:14+00:00","description":"En Couple Simone, du coaching, des formations et plein d\u2019autres outils pour te permettre de cr\u00e9er une vie de couple qui te convient.","breadcrumb":{"@id":"https:\/\/rocher-barrat.fr\/?page_id=420#breadcrumb"},"inLanguage":"it-IT","potentialAction":[{"@type":"ReadAction","target":["https:\/\/rocher-barrat.fr\/?page_id=420"]}]},{"@type":"BreadcrumbList","@id":"https:\/\/rocher-barrat.fr\/?page_id=420#breadcrumb","itemListElement":[{"@type":"ListItem","position":1,"name":"Home","item":"https:\/\/rocher-barrat.fr\/"},{"@type":"ListItem","position":2,"name":"En plus&#8230;"}]},{"@type":"WebSite","@id":"https:\/\/rocher-barrat.fr\/#website","url":"https:\/\/rocher-barrat.fr\/","name":"","description":"Psychologue et th\u00e9rapeute en intelligence relationnelle","potentialAction":[{"@type":"SearchAction","target":{"@type":"EntryPoint","urlTemplate":"https:\/\/rocher-barrat.fr\/?s={search_term_string}"},"query-input":"required name=search_term_string"}],"inLanguage":"it-IT"}]}},"_links":{"self":[{"href":"https:\/\/rocher-barrat.fr\/index.php?rest_route=\/wp\/v2\/pages\/420","targetHints":{"allow":["GET"]}}],"collection":[{"href":"https:\/\/rocher-barrat.fr\/index.php?rest_route=\/wp\/v2\/pages"}],"about":[{"href":"https:\/\/rocher-barrat.fr\/index.php?rest_route=\/wp\/v2\/types\/page"}],"author":[{"embeddable":true,"href":"https:\/\/rocher-barrat.fr\/index.php?rest_route=\/wp\/v2\/users\/1"}],"replies":[{"embeddable":true,"href":"https:\/\/rocher-barrat.fr\/index.php?rest_route=%2Fwp%2Fv2%2Fcomments&post=420"}],"version-history":[{"count":31,"href":"https:\/\/rocher-barrat.fr\/index.php?rest_route=\/wp\/v2\/pages\/420\/revisions"}],"predecessor-version":[{"id":1277,"href":"https:\/\/rocher-barrat.fr\/index.php?rest_route=\/wp\/v2\/pages\/420\/revisions\/1277"}],"wp:featuredmedia":[{"embeddable":true,"href":"https:\/\/rocher-barrat.fr\/index.php?rest_route=\/wp\/v2\/media\/672"}],"wp:attachment":[{"href":"https:\/\/rocher-barrat.fr\/index.php?rest_route=%2Fwp%2Fv2%2Fmedia&parent=420"}],"curies":[{"name":"wp","href":"https:\/\/api.w.org\/{rel}","templated":true}]}}