{"id":405,"date":"2023-01-28T14:40:25","date_gmt":"2023-01-28T14:40:25","guid":{"rendered":"http:\/\/rocher-barrat.fr\/?page_id=405"},"modified":"2026-03-31T13:05:40","modified_gmt":"2026-03-31T13:05:40","slug":"coaching","status":"publish","type":"page","link":"https:\/\/rocher-barrat.fr\/?page_id=405","title":{"rendered":"Coaching"},"content":{"rendered":"<p>Je vous accompagne pour faire face \u00e0 une situation difficile pendant une p\u00e9riode de changement. <\/p>\n<p>Cet accompagnement personnalis\u00e9 est orient\u00e9 sur les solutions et non sur les probl\u00e8mes. <\/p>\n<p>Son but est d\u2019atteindre un objectif pr\u00e9cis.<\/p>\n<p>Le coaching de vie s\u2019adresse aux personnes aux prises avec des difficult\u00e9s normales de la vie. Le coaching vous rend apte \u00e0 trouver les solutions \u00e0 vos probl\u00e8mes et \u00e0 reprendre le contr\u00f4le de votre vie.<\/p>\n<p>Motifs fr\u00e9quents de consultation:<\/p>\n<p>. \u00e9nergie vitale<br \/>\n. changement de vie<br \/>\n. gestion des \u00e9motions\/stress<br \/>\n. mise en oeuvre d&#8217;un projet<br \/>\n. r\u00e9solution de conflits<br \/>\n. trouver la bonne personne en couple <\/p>\n<p>Une heure<br \/>\nTarif: 80 euros<br \/>\n(Possibilit\u00e9 de s\u00e9ances plus courtes de 45 min)<\/p>\n<p>Toute s\u00e9ance annul\u00e9e moins de 24 heures avant est consid\u00e9r\u00e9e comme due (factur\u00e9e).<\/p>\n<p>Pour prendre rendez-vous :<br \/>\n+33 6 63 41 80 17<\/p>\n","protected":false},"excerpt":{"rendered":"<p>Je vous accompagne pour faire face \u00e0 une situation difficile pendant une p\u00e9riode de changement. Cet accompagnement personnalis\u00e9 est orient\u00e9 sur les solutions et non sur les probl\u00e8mes. Son but est d\u2019atteindre un objectif pr\u00e9cis. Le coaching de vie s\u2019adresse aux personnes aux prises avec des difficult\u00e9s normales de la vie. Le coaching vous rend&hellip; <br \/> <a class=\"read-more\" href=\"https:\/\/rocher-barrat.fr\/?page_id=405\">Leggi tutto<\/a><\/p>\n","protected":false},"author":1,"featured_media":631,"parent":0,"menu_order":0,"comment_status":"closed","ping_status":"closed","template":"","meta":{"footnotes":""},"class_list":["post-405","page","type-page","status-publish","has-post-thumbnail","hentry"],"yoast_head":"<!-- This site is optimized with the Yoast SEO plugin v20.8 - https:\/\/yoast.com\/wordpress\/plugins\/seo\/ -->\n<title>- Coaching<\/title>\n<meta name=\"description\" content=\"Si vous vous sentez bloqu\u00e9 et que vous \u00eates d\u00e9termin\u00e9 \u00e0 enclencher un processus de changement, alors le coaching est pour vous !\" \/>\n<meta name=\"robots\" content=\"index, follow, max-snippet:-1, max-image-preview:large, max-video-preview:-1\" \/>\n<link rel=\"canonical\" href=\"https:\/\/rocher-barrat.fr\/?page_id=405\" \/>\n<meta property=\"og:locale\" content=\"it_IT\" \/>\n<meta property=\"og:type\" content=\"article\" \/>\n<meta property=\"og:title\" content=\"- Coaching\" \/>\n<meta property=\"og:description\" content=\"Si vous vous sentez bloqu\u00e9 et que vous \u00eates d\u00e9termin\u00e9 \u00e0 enclencher un processus de changement, alors le coaching est pour vous !\" \/>\n<meta property=\"og:url\" content=\"https:\/\/rocher-barrat.fr\/?page_id=405\" \/>\n<meta property=\"article:publisher\" content=\"https:\/\/www.facebook.com\/constance.rocherbarrat\/\" \/>\n<meta property=\"article:modified_time\" content=\"2026-03-31T13:05:40+00:00\" \/>\n<meta property=\"og:image\" content=\"https:\/\/rocher-barrat.fr\/wp-content\/uploads\/2023\/12\/zdenek-machacek-P4n7NQNOmFU-unsplash-scaled.jpg\" \/>\n\t<meta property=\"og:image:width\" content=\"2560\" \/>\n\t<meta property=\"og:image:height\" content=\"2084\" \/>\n\t<meta property=\"og:image:type\" content=\"image\/jpeg\" \/>\n<meta name=\"twitter:card\" content=\"summary_large_image\" \/>\n<meta name=\"twitter:label1\" content=\"Tempo di lettura stimato\" \/>\n\t<meta name=\"twitter:data1\" content=\"1 minuto\" \/>\n<script type=\"application\/ld+json\" class=\"yoast-schema-graph\">{\"@context\":\"https:\/\/schema.org\",\"@graph\":[{\"@type\":\"WebPage\",\"@id\":\"https:\/\/rocher-barrat.fr\/?page_id=405\",\"url\":\"https:\/\/rocher-barrat.fr\/?page_id=405\",\"name\":\"- Coaching\",\"isPartOf\":{\"@id\":\"https:\/\/rocher-barrat.fr\/#website\"},\"datePublished\":\"2023-01-28T14:40:25+00:00\",\"dateModified\":\"2026-03-31T13:05:40+00:00\",\"description\":\"Si vous vous sentez bloqu\u00e9 et que vous \u00eates d\u00e9termin\u00e9 \u00e0 enclencher un processus de changement, alors le coaching est pour vous !\",\"breadcrumb\":{\"@id\":\"https:\/\/rocher-barrat.fr\/?page_id=405#breadcrumb\"},\"inLanguage\":\"it-IT\",\"potentialAction\":[{\"@type\":\"ReadAction\",\"target\":[\"https:\/\/rocher-barrat.fr\/?page_id=405\"]}]},{\"@type\":\"BreadcrumbList\",\"@id\":\"https:\/\/rocher-barrat.fr\/?page_id=405#breadcrumb\",\"itemListElement\":[{\"@type\":\"ListItem\",\"position\":1,\"name\":\"Home\",\"item\":\"https:\/\/rocher-barrat.fr\/\"},{\"@type\":\"ListItem\",\"position\":2,\"name\":\"Coaching\"}]},{\"@type\":\"WebSite\",\"@id\":\"https:\/\/rocher-barrat.fr\/#website\",\"url\":\"https:\/\/rocher-barrat.fr\/\",\"name\":\"\",\"description\":\"Psychologue et th\u00e9rapeute en intelligence relationnelle\",\"potentialAction\":[{\"@type\":\"SearchAction\",\"target\":{\"@type\":\"EntryPoint\",\"urlTemplate\":\"https:\/\/rocher-barrat.fr\/?s={search_term_string}\"},\"query-input\":\"required name=search_term_string\"}],\"inLanguage\":\"it-IT\"}]}<\/script>\n<!-- \/ Yoast SEO plugin. -->","yoast_head_json":{"title":"- Coaching","description":"Si vous vous sentez bloqu\u00e9 et que vous \u00eates d\u00e9termin\u00e9 \u00e0 enclencher un processus de changement, alors le coaching est pour vous !","robots":{"index":"index","follow":"follow","max-snippet":"max-snippet:-1","max-image-preview":"max-image-preview:large","max-video-preview":"max-video-preview:-1"},"canonical":"https:\/\/rocher-barrat.fr\/?page_id=405","og_locale":"it_IT","og_type":"article","og_title":"- Coaching","og_description":"Si vous vous sentez bloqu\u00e9 et que vous \u00eates d\u00e9termin\u00e9 \u00e0 enclencher un processus de changement, alors le coaching est pour vous !","og_url":"https:\/\/rocher-barrat.fr\/?page_id=405","article_publisher":"https:\/\/www.facebook.com\/constance.rocherbarrat\/","article_modified_time":"2026-03-31T13:05:40+00:00","og_image":[{"width":2560,"height":2084,"url":"https:\/\/rocher-barrat.fr\/wp-content\/uploads\/2023\/12\/zdenek-machacek-P4n7NQNOmFU-unsplash-scaled.jpg","type":"image\/jpeg"}],"twitter_card":"summary_large_image","twitter_misc":{"Tempo di lettura stimato":"1 minuto"},"schema":{"@context":"https:\/\/schema.org","@graph":[{"@type":"WebPage","@id":"https:\/\/rocher-barrat.fr\/?page_id=405","url":"https:\/\/rocher-barrat.fr\/?page_id=405","name":"- Coaching","isPartOf":{"@id":"https:\/\/rocher-barrat.fr\/#website"},"datePublished":"2023-01-28T14:40:25+00:00","dateModified":"2026-03-31T13:05:40+00:00","description":"Si vous vous sentez bloqu\u00e9 et que vous \u00eates d\u00e9termin\u00e9 \u00e0 enclencher un processus de changement, alors le coaching est pour vous !","breadcrumb":{"@id":"https:\/\/rocher-barrat.fr\/?page_id=405#breadcrumb"},"inLanguage":"it-IT","potentialAction":[{"@type":"ReadAction","target":["https:\/\/rocher-barrat.fr\/?page_id=405"]}]},{"@type":"BreadcrumbList","@id":"https:\/\/rocher-barrat.fr\/?page_id=405#breadcrumb","itemListElement":[{"@type":"ListItem","position":1,"name":"Home","item":"https:\/\/rocher-barrat.fr\/"},{"@type":"ListItem","position":2,"name":"Coaching"}]},{"@type":"WebSite","@id":"https:\/\/rocher-barrat.fr\/#website","url":"https:\/\/rocher-barrat.fr\/","name":"","description":"Psychologue et th\u00e9rapeute en intelligence relationnelle","potentialAction":[{"@type":"SearchAction","target":{"@type":"EntryPoint","urlTemplate":"https:\/\/rocher-barrat.fr\/?s={search_term_string}"},"query-input":"required name=search_term_string"}],"inLanguage":"it-IT"}]}},"_links":{"self":[{"href":"https:\/\/rocher-barrat.fr\/index.php?rest_route=\/wp\/v2\/pages\/405","targetHints":{"allow":["GET"]}}],"collection":[{"href":"https:\/\/rocher-barrat.fr\/index.php?rest_route=\/wp\/v2\/pages"}],"about":[{"href":"https:\/\/rocher-barrat.fr\/index.php?rest_route=\/wp\/v2\/types\/page"}],"author":[{"embeddable":true,"href":"https:\/\/rocher-barrat.fr\/index.php?rest_route=\/wp\/v2\/users\/1"}],"replies":[{"embeddable":true,"href":"https:\/\/rocher-barrat.fr\/index.php?rest_route=%2Fwp%2Fv2%2Fcomments&post=405"}],"version-history":[{"count":29,"href":"https:\/\/rocher-barrat.fr\/index.php?rest_route=\/wp\/v2\/pages\/405\/revisions"}],"predecessor-version":[{"id":1238,"href":"https:\/\/rocher-barrat.fr\/index.php?rest_route=\/wp\/v2\/pages\/405\/revisions\/1238"}],"wp:featuredmedia":[{"embeddable":true,"href":"https:\/\/rocher-barrat.fr\/index.php?rest_route=\/wp\/v2\/media\/631"}],"wp:attachment":[{"href":"https:\/\/rocher-barrat.fr\/index.php?rest_route=%2Fwp%2Fv2%2Fmedia&parent=405"}],"curies":[{"name":"wp","href":"https:\/\/api.w.org\/{rel}","templated":true}]}}