{"id":1263,"date":"2026-03-31T13:07:35","date_gmt":"2026-03-31T13:07:35","guid":{"rendered":"https:\/\/rocher-barrat.fr\/?page_id=1263"},"modified":"2026-04-20T09:33:12","modified_gmt":"2026-04-20T09:33:12","slug":"therapie-de-couple-2","status":"publish","type":"page","link":"https:\/\/rocher-barrat.fr\/?page_id=1263","title":{"rendered":"Th\u00e9rapie de couple"},"content":{"rendered":"<p>Vous traversez une difficult\u00e9 ou une crise en couple, et vous souhaitez trouver des outils pour apprendre \u00e0 \u201crelationner\u201d, \u00e0 accueillir vos diff\u00e9rences, transformer vos conflits en connexion, et vivre une vie amoureuse \u00e9panouie et vivante. <\/p>\n<p>Ou bien vous souhaitez vous s\u00e9parer de mani\u00e8re calme et constructive.<\/p>\n<p>Probl\u00e9matiques: Conflit, C\u00e9libat subi, S\u00e9paration, Infid\u00e9lit\u00e9, Incompr\u00e9hension.<\/p>\n<p>Dans la th\u00e9rapie de couple, je m&#8217;appuie entre autre sur le &#8220;dialogue Imago&#8221; : un instrument au service de l&#8217;\u00e9coute mutuelle o\u00f9 un \u00e9metteur exprime ses besoins et un r\u00e9cepteur pratique une \u00e9coute active (miroir) sans jugement, favorisant l&#8217;empathie. <\/p>\n<p>S\u00e9ance En ligne <\/p>\n<p>Une heure trente (1h30)<br \/>\nTarif : 125 euros<\/p>\n<p>Toute s\u00e9ance annul\u00e9e moins de 24 heures avant est consid\u00e9r\u00e9e comme due (factur\u00e9e).<\/p>\n<p>STAGE POUR COUPLES : \u201cL\u2019art de savoir danser ensemble\u201d<br \/>\n2 jours temps pour approfondir votre intimit\u00e9 amoureuse, dialoguer en profondeur et se reconnecter.<br \/>\n9:00-17:00<\/p>\n<p>. 20 &#038; 21 juin 2026 (en fran\u00e7ais)<br \/>\n. 4 &#038; 5 juillet 2026 (en italien)<br \/>\n. Autres dates \u00e0 venir : automne 2026 &#8211; printemps 2027 en France et en Italie<\/p>\n<p>Lieu : Buttigliera Alta (\u00e0 25 km de Turin) en Italie<br \/>\nA 1h30 de Brian\u00e7on<\/p>\n<p>H\u00e9bergement possible \u00e0 proximit\u00e9 via Rbnb et EcoBnb<br \/>\nAccessible en train (gare de ROSTA : 23 min depuis la gare de Turin Porta Nuova)<\/p>\n<p>Pour prendre rendez-vous ou s\u2019inscrire \u00e0 un stage : rocherbarrat.constance@gmail.com<\/p>\n","protected":false},"excerpt":{"rendered":"<p>Vous traversez une difficult\u00e9 ou une crise en couple, et vous souhaitez trouver des outils pour apprendre \u00e0 \u201crelationner\u201d, \u00e0 accueillir vos diff\u00e9rences, transformer vos conflits en connexion, et vivre une vie amoureuse \u00e9panouie et vivante. Ou bien vous souhaitez vous s\u00e9parer de mani\u00e8re calme et constructive. Probl\u00e9matiques: Conflit, C\u00e9libat subi, S\u00e9paration, Infid\u00e9lit\u00e9, Incompr\u00e9hension. Dans&hellip; <br \/> <a class=\"read-more\" href=\"https:\/\/rocher-barrat.fr\/?page_id=1263\">Leggi tutto<\/a><\/p>\n","protected":false},"author":1,"featured_media":850,"parent":0,"menu_order":0,"comment_status":"closed","ping_status":"closed","template":"","meta":{"footnotes":""},"class_list":["post-1263","page","type-page","status-publish","has-post-thumbnail","hentry"],"yoast_head":"<!-- This site is optimized with the Yoast SEO plugin v20.8 - https:\/\/yoast.com\/wordpress\/plugins\/seo\/ -->\n<title>Th\u00e9rapie de couple -<\/title>\n<meta name=\"robots\" content=\"index, follow, max-snippet:-1, max-image-preview:large, max-video-preview:-1\" \/>\n<link rel=\"canonical\" href=\"https:\/\/rocher-barrat.fr\/?page_id=1263\" \/>\n<meta property=\"og:locale\" content=\"it_IT\" \/>\n<meta property=\"og:type\" content=\"article\" \/>\n<meta property=\"og:title\" content=\"Th\u00e9rapie de couple -\" \/>\n<meta property=\"og:description\" content=\"Vous traversez une difficult\u00e9 ou une crise en couple, et vous souhaitez trouver des outils pour apprendre \u00e0 \u201crelationner\u201d, \u00e0 accueillir vos diff\u00e9rences, transformer vos conflits en connexion, et vivre une vie amoureuse \u00e9panouie et vivante. Ou bien vous souhaitez vous s\u00e9parer de mani\u00e8re calme et constructive. Probl\u00e9matiques: Conflit, C\u00e9libat subi, S\u00e9paration, Infid\u00e9lit\u00e9, Incompr\u00e9hension. Dans&hellip; Leggi tutto\" \/>\n<meta property=\"og:url\" content=\"https:\/\/rocher-barrat.fr\/?page_id=1263\" \/>\n<meta property=\"article:publisher\" content=\"https:\/\/www.facebook.com\/constance.rocherbarrat\/\" \/>\n<meta property=\"article:modified_time\" content=\"2026-04-20T09:33:12+00:00\" \/>\n<meta property=\"og:image\" content=\"https:\/\/rocher-barrat.fr\/wp-content\/uploads\/2024\/09\/vincent-van-zalinge-ZRsX3uoQxNY-unsplash-3-scaled.jpg\" \/>\n\t<meta property=\"og:image:width\" content=\"2560\" \/>\n\t<meta property=\"og:image:height\" content=\"1709\" \/>\n\t<meta property=\"og:image:type\" content=\"image\/jpeg\" \/>\n<meta name=\"twitter:card\" content=\"summary_large_image\" \/>\n<meta name=\"twitter:label1\" content=\"Tempo di lettura stimato\" \/>\n\t<meta name=\"twitter:data1\" content=\"2 minuti\" \/>\n<script type=\"application\/ld+json\" class=\"yoast-schema-graph\">{\"@context\":\"https:\/\/schema.org\",\"@graph\":[{\"@type\":\"WebPage\",\"@id\":\"https:\/\/rocher-barrat.fr\/?page_id=1263\",\"url\":\"https:\/\/rocher-barrat.fr\/?page_id=1263\",\"name\":\"Th\u00e9rapie de couple -\",\"isPartOf\":{\"@id\":\"https:\/\/rocher-barrat.fr\/#website\"},\"datePublished\":\"2026-03-31T13:07:35+00:00\",\"dateModified\":\"2026-04-20T09:33:12+00:00\",\"breadcrumb\":{\"@id\":\"https:\/\/rocher-barrat.fr\/?page_id=1263#breadcrumb\"},\"inLanguage\":\"it-IT\",\"potentialAction\":[{\"@type\":\"ReadAction\",\"target\":[\"https:\/\/rocher-barrat.fr\/?page_id=1263\"]}]},{\"@type\":\"BreadcrumbList\",\"@id\":\"https:\/\/rocher-barrat.fr\/?page_id=1263#breadcrumb\",\"itemListElement\":[{\"@type\":\"ListItem\",\"position\":1,\"name\":\"Home\",\"item\":\"https:\/\/rocher-barrat.fr\/\"},{\"@type\":\"ListItem\",\"position\":2,\"name\":\"Th\u00e9rapie de couple\"}]},{\"@type\":\"WebSite\",\"@id\":\"https:\/\/rocher-barrat.fr\/#website\",\"url\":\"https:\/\/rocher-barrat.fr\/\",\"name\":\"\",\"description\":\"Psychologue et th\u00e9rapeute en intelligence relationnelle\",\"potentialAction\":[{\"@type\":\"SearchAction\",\"target\":{\"@type\":\"EntryPoint\",\"urlTemplate\":\"https:\/\/rocher-barrat.fr\/?s={search_term_string}\"},\"query-input\":\"required name=search_term_string\"}],\"inLanguage\":\"it-IT\"}]}<\/script>\n<!-- \/ Yoast SEO plugin. -->","yoast_head_json":{"title":"Th\u00e9rapie de couple -","robots":{"index":"index","follow":"follow","max-snippet":"max-snippet:-1","max-image-preview":"max-image-preview:large","max-video-preview":"max-video-preview:-1"},"canonical":"https:\/\/rocher-barrat.fr\/?page_id=1263","og_locale":"it_IT","og_type":"article","og_title":"Th\u00e9rapie de couple -","og_description":"Vous traversez une difficult\u00e9 ou une crise en couple, et vous souhaitez trouver des outils pour apprendre \u00e0 \u201crelationner\u201d, \u00e0 accueillir vos diff\u00e9rences, transformer vos conflits en connexion, et vivre une vie amoureuse \u00e9panouie et vivante. Ou bien vous souhaitez vous s\u00e9parer de mani\u00e8re calme et constructive. Probl\u00e9matiques: Conflit, C\u00e9libat subi, S\u00e9paration, Infid\u00e9lit\u00e9, Incompr\u00e9hension. Dans&hellip; Leggi tutto","og_url":"https:\/\/rocher-barrat.fr\/?page_id=1263","article_publisher":"https:\/\/www.facebook.com\/constance.rocherbarrat\/","article_modified_time":"2026-04-20T09:33:12+00:00","og_image":[{"width":2560,"height":1709,"url":"https:\/\/rocher-barrat.fr\/wp-content\/uploads\/2024\/09\/vincent-van-zalinge-ZRsX3uoQxNY-unsplash-3-scaled.jpg","type":"image\/jpeg"}],"twitter_card":"summary_large_image","twitter_misc":{"Tempo di lettura stimato":"2 minuti"},"schema":{"@context":"https:\/\/schema.org","@graph":[{"@type":"WebPage","@id":"https:\/\/rocher-barrat.fr\/?page_id=1263","url":"https:\/\/rocher-barrat.fr\/?page_id=1263","name":"Th\u00e9rapie de couple -","isPartOf":{"@id":"https:\/\/rocher-barrat.fr\/#website"},"datePublished":"2026-03-31T13:07:35+00:00","dateModified":"2026-04-20T09:33:12+00:00","breadcrumb":{"@id":"https:\/\/rocher-barrat.fr\/?page_id=1263#breadcrumb"},"inLanguage":"it-IT","potentialAction":[{"@type":"ReadAction","target":["https:\/\/rocher-barrat.fr\/?page_id=1263"]}]},{"@type":"BreadcrumbList","@id":"https:\/\/rocher-barrat.fr\/?page_id=1263#breadcrumb","itemListElement":[{"@type":"ListItem","position":1,"name":"Home","item":"https:\/\/rocher-barrat.fr\/"},{"@type":"ListItem","position":2,"name":"Th\u00e9rapie de couple"}]},{"@type":"WebSite","@id":"https:\/\/rocher-barrat.fr\/#website","url":"https:\/\/rocher-barrat.fr\/","name":"","description":"Psychologue et th\u00e9rapeute en intelligence relationnelle","potentialAction":[{"@type":"SearchAction","target":{"@type":"EntryPoint","urlTemplate":"https:\/\/rocher-barrat.fr\/?s={search_term_string}"},"query-input":"required name=search_term_string"}],"inLanguage":"it-IT"}]}},"_links":{"self":[{"href":"https:\/\/rocher-barrat.fr\/index.php?rest_route=\/wp\/v2\/pages\/1263","targetHints":{"allow":["GET"]}}],"collection":[{"href":"https:\/\/rocher-barrat.fr\/index.php?rest_route=\/wp\/v2\/pages"}],"about":[{"href":"https:\/\/rocher-barrat.fr\/index.php?rest_route=\/wp\/v2\/types\/page"}],"author":[{"embeddable":true,"href":"https:\/\/rocher-barrat.fr\/index.php?rest_route=\/wp\/v2\/users\/1"}],"replies":[{"embeddable":true,"href":"https:\/\/rocher-barrat.fr\/index.php?rest_route=%2Fwp%2Fv2%2Fcomments&post=1263"}],"version-history":[{"count":9,"href":"https:\/\/rocher-barrat.fr\/index.php?rest_route=\/wp\/v2\/pages\/1263\/revisions"}],"predecessor-version":[{"id":1307,"href":"https:\/\/rocher-barrat.fr\/index.php?rest_route=\/wp\/v2\/pages\/1263\/revisions\/1307"}],"wp:featuredmedia":[{"embeddable":true,"href":"https:\/\/rocher-barrat.fr\/index.php?rest_route=\/wp\/v2\/media\/850"}],"wp:attachment":[{"href":"https:\/\/rocher-barrat.fr\/index.php?rest_route=%2Fwp%2Fv2%2Fmedia&parent=1263"}],"curies":[{"name":"wp","href":"https:\/\/api.w.org\/{rel}","templated":true}]}}