{"id":1134,"date":"2026-01-05T12:12:32","date_gmt":"2026-01-05T12:12:32","guid":{"rendered":"https:\/\/rocher-barrat.fr\/?page_id=1134"},"modified":"2026-04-02T19:15:48","modified_gmt":"2026-04-02T19:15:48","slug":"1134-2","status":"publish","type":"page","link":"https:\/\/rocher-barrat.fr\/?page_id=1134","title":{"rendered":"Qui suis-je?"},"content":{"rendered":"<p>Qui suis-je ?<br \/>\nJe suis n\u00e9e dans le nord de la France et tr\u00e8s petite, j\u2019interrogeais mon entourage pour mieux comprendre le monde. Cela m\u2019a amen\u00e9 \u00e0 l\u2019heure des choix \u00e0 me tourner tr\u00e8s spontan\u00e9ment vers la psychologie. Puis j\u2019ai eu la chance de travailler de longues ann\u00e9es \u00e0 Paris et de vivre l\u2019intensit\u00e9 de cette ville. Puis apr\u00e8s avoir rencontr\u00e9 Roberto Bullegas, mon mari sur les chemins de Compostelle, j\u2019ai rejoint par amour les montagnes italiennes ! J\u2019aime d\u00e9couvrir, voyager, rencontrer, rire ! Mes valeurs principales sont la simplicit\u00e9, le respect, la joie, la libert\u00e9.<\/p>\n<p>Depuis plus de 20 ans, j\u2019accompagne des adultes, des couples et des familles \u00e0 traverser les \u00e9preuves de la vie, \u00e0 d\u00e9velopper leur intelligence \u00e9motionnelle et relationnelle. Mon fil rouge est de vous accompagner \u00e0 grandir en libert\u00e9 int\u00e9rieure et en humanit\u00e9 !<\/p>\n<p>J\u2019anime des stages pour femmes et pour couples en France et en Italie. J\u2019anime des cercles pour femmes en pr\u00e9sentiel et en ligne.<\/p>\n<p>FORMATIONS ET PARCOURS PROFESSIONNEL<br \/>\nJe me suis d&#8217;abord form\u00e9e en psychologie puis j&#8217;ai sans cesse enrichi mon parcours pour accompagner les personnes au plus pr\u00e8s de leur besoin. Je me suis alors form\u00e9e en Gestalt-th\u00e9rapie, en coaching et en intelligence amoureuse.<\/p>\n<p>2025 : ETIA, Ecole de Th\u00e9rapeute de l\u2019intelligence Amoureuse \u00e0 Paris<br \/>\n2022 : Master coach \u00e0 l\u2019Institut de Coaching International de Gen\u00e8ve<br \/>\n2021 : Instructrice en massage b\u00e9b\u00e9 avec l\u2019International Association of Infant Massage \u00e0 Paris<br \/>\n2016 : Gestalt Praticienne \u00e0 l\u2019Institut Fran\u00e7ais de Formation Psychocorporelle de Paris<br \/>\n2004 : Master 2 de psychologie clinique et pathologique \u00e0 L\u2019universit\u00e9 de Lille<\/p>\n<p>J&#8217;ai acquis une exp\u00e9rience de plus de 20 ans comme psychologue et th\u00e9rapeute. J\u2019ai d\u2019abord exerc\u00e9 pendant 13 ans en institution aupr\u00e8s des familles et jeunes en difficult\u00e9 et form\u00e9 des \u00e9tudiants et des \u00e9ducateurs. Depuis 10 ans, j&#8217;exerce en lib\u00e9ral et principalement EN LIGNE.<\/p>\n","protected":false},"excerpt":{"rendered":"<p>Qui suis-je ? Je suis n\u00e9e dans le nord de la France et tr\u00e8s petite, j\u2019interrogeais mon entourage pour mieux comprendre le monde. Cela m\u2019a amen\u00e9 \u00e0 l\u2019heure des choix \u00e0 me tourner tr\u00e8s spontan\u00e9ment vers la psychologie. Puis j\u2019ai eu la chance de travailler de longues ann\u00e9es \u00e0 Paris et de vivre l\u2019intensit\u00e9 de&hellip; <br \/> <a class=\"read-more\" href=\"https:\/\/rocher-barrat.fr\/?page_id=1134\">Leggi tutto<\/a><\/p>\n","protected":false},"author":1,"featured_media":1255,"parent":0,"menu_order":0,"comment_status":"closed","ping_status":"closed","template":"","meta":{"footnotes":""},"class_list":["post-1134","page","type-page","status-publish","has-post-thumbnail","hentry"],"yoast_head":"<!-- This site is optimized with the Yoast SEO plugin v20.8 - https:\/\/yoast.com\/wordpress\/plugins\/seo\/ -->\n<title>Qui suis-je? -<\/title>\n<meta name=\"robots\" content=\"index, follow, max-snippet:-1, max-image-preview:large, max-video-preview:-1\" \/>\n<link rel=\"canonical\" href=\"https:\/\/rocher-barrat.fr\/?page_id=1134\" \/>\n<meta property=\"og:locale\" content=\"it_IT\" \/>\n<meta property=\"og:type\" content=\"article\" \/>\n<meta property=\"og:title\" content=\"Qui suis-je? -\" \/>\n<meta property=\"og:description\" content=\"Qui suis-je ? Je suis n\u00e9e dans le nord de la France et tr\u00e8s petite, j\u2019interrogeais mon entourage pour mieux comprendre le monde. Cela m\u2019a amen\u00e9 \u00e0 l\u2019heure des choix \u00e0 me tourner tr\u00e8s spontan\u00e9ment vers la psychologie. Puis j\u2019ai eu la chance de travailler de longues ann\u00e9es \u00e0 Paris et de vivre l\u2019intensit\u00e9 de&hellip; Leggi tutto\" \/>\n<meta property=\"og:url\" content=\"https:\/\/rocher-barrat.fr\/?page_id=1134\" \/>\n<meta property=\"article:publisher\" content=\"https:\/\/www.facebook.com\/constance.rocherbarrat\/\" \/>\n<meta property=\"article:modified_time\" content=\"2026-04-02T19:15:48+00:00\" \/>\n<meta property=\"og:image\" content=\"https:\/\/rocher-barrat.fr\/wp-content\/uploads\/2026\/03\/me-2.jpg\" \/>\n\t<meta property=\"og:image:width\" content=\"640\" \/>\n\t<meta property=\"og:image:height\" content=\"640\" \/>\n\t<meta property=\"og:image:type\" content=\"image\/jpeg\" \/>\n<meta name=\"twitter:card\" content=\"summary_large_image\" \/>\n<meta name=\"twitter:label1\" content=\"Tempo di lettura stimato\" \/>\n\t<meta name=\"twitter:data1\" content=\"2 minuti\" \/>\n<script type=\"application\/ld+json\" class=\"yoast-schema-graph\">{\"@context\":\"https:\/\/schema.org\",\"@graph\":[{\"@type\":\"WebPage\",\"@id\":\"https:\/\/rocher-barrat.fr\/?page_id=1134\",\"url\":\"https:\/\/rocher-barrat.fr\/?page_id=1134\",\"name\":\"Qui suis-je? -\",\"isPartOf\":{\"@id\":\"https:\/\/rocher-barrat.fr\/#website\"},\"datePublished\":\"2026-01-05T12:12:32+00:00\",\"dateModified\":\"2026-04-02T19:15:48+00:00\",\"breadcrumb\":{\"@id\":\"https:\/\/rocher-barrat.fr\/?page_id=1134#breadcrumb\"},\"inLanguage\":\"it-IT\",\"potentialAction\":[{\"@type\":\"ReadAction\",\"target\":[\"https:\/\/rocher-barrat.fr\/?page_id=1134\"]}]},{\"@type\":\"BreadcrumbList\",\"@id\":\"https:\/\/rocher-barrat.fr\/?page_id=1134#breadcrumb\",\"itemListElement\":[{\"@type\":\"ListItem\",\"position\":1,\"name\":\"Home\",\"item\":\"https:\/\/rocher-barrat.fr\/\"},{\"@type\":\"ListItem\",\"position\":2,\"name\":\"Qui suis-je?\"}]},{\"@type\":\"WebSite\",\"@id\":\"https:\/\/rocher-barrat.fr\/#website\",\"url\":\"https:\/\/rocher-barrat.fr\/\",\"name\":\"\",\"description\":\"Psychologue et th\u00e9rapeute en intelligence relationnelle\",\"potentialAction\":[{\"@type\":\"SearchAction\",\"target\":{\"@type\":\"EntryPoint\",\"urlTemplate\":\"https:\/\/rocher-barrat.fr\/?s={search_term_string}\"},\"query-input\":\"required name=search_term_string\"}],\"inLanguage\":\"it-IT\"}]}<\/script>\n<!-- \/ Yoast SEO plugin. -->","yoast_head_json":{"title":"Qui suis-je? -","robots":{"index":"index","follow":"follow","max-snippet":"max-snippet:-1","max-image-preview":"max-image-preview:large","max-video-preview":"max-video-preview:-1"},"canonical":"https:\/\/rocher-barrat.fr\/?page_id=1134","og_locale":"it_IT","og_type":"article","og_title":"Qui suis-je? -","og_description":"Qui suis-je ? Je suis n\u00e9e dans le nord de la France et tr\u00e8s petite, j\u2019interrogeais mon entourage pour mieux comprendre le monde. Cela m\u2019a amen\u00e9 \u00e0 l\u2019heure des choix \u00e0 me tourner tr\u00e8s spontan\u00e9ment vers la psychologie. Puis j\u2019ai eu la chance de travailler de longues ann\u00e9es \u00e0 Paris et de vivre l\u2019intensit\u00e9 de&hellip; Leggi tutto","og_url":"https:\/\/rocher-barrat.fr\/?page_id=1134","article_publisher":"https:\/\/www.facebook.com\/constance.rocherbarrat\/","article_modified_time":"2026-04-02T19:15:48+00:00","og_image":[{"width":640,"height":640,"url":"https:\/\/rocher-barrat.fr\/wp-content\/uploads\/2026\/03\/me-2.jpg","type":"image\/jpeg"}],"twitter_card":"summary_large_image","twitter_misc":{"Tempo di lettura stimato":"2 minuti"},"schema":{"@context":"https:\/\/schema.org","@graph":[{"@type":"WebPage","@id":"https:\/\/rocher-barrat.fr\/?page_id=1134","url":"https:\/\/rocher-barrat.fr\/?page_id=1134","name":"Qui suis-je? -","isPartOf":{"@id":"https:\/\/rocher-barrat.fr\/#website"},"datePublished":"2026-01-05T12:12:32+00:00","dateModified":"2026-04-02T19:15:48+00:00","breadcrumb":{"@id":"https:\/\/rocher-barrat.fr\/?page_id=1134#breadcrumb"},"inLanguage":"it-IT","potentialAction":[{"@type":"ReadAction","target":["https:\/\/rocher-barrat.fr\/?page_id=1134"]}]},{"@type":"BreadcrumbList","@id":"https:\/\/rocher-barrat.fr\/?page_id=1134#breadcrumb","itemListElement":[{"@type":"ListItem","position":1,"name":"Home","item":"https:\/\/rocher-barrat.fr\/"},{"@type":"ListItem","position":2,"name":"Qui suis-je?"}]},{"@type":"WebSite","@id":"https:\/\/rocher-barrat.fr\/#website","url":"https:\/\/rocher-barrat.fr\/","name":"","description":"Psychologue et th\u00e9rapeute en intelligence relationnelle","potentialAction":[{"@type":"SearchAction","target":{"@type":"EntryPoint","urlTemplate":"https:\/\/rocher-barrat.fr\/?s={search_term_string}"},"query-input":"required name=search_term_string"}],"inLanguage":"it-IT"}]}},"_links":{"self":[{"href":"https:\/\/rocher-barrat.fr\/index.php?rest_route=\/wp\/v2\/pages\/1134","targetHints":{"allow":["GET"]}}],"collection":[{"href":"https:\/\/rocher-barrat.fr\/index.php?rest_route=\/wp\/v2\/pages"}],"about":[{"href":"https:\/\/rocher-barrat.fr\/index.php?rest_route=\/wp\/v2\/types\/page"}],"author":[{"embeddable":true,"href":"https:\/\/rocher-barrat.fr\/index.php?rest_route=\/wp\/v2\/users\/1"}],"replies":[{"embeddable":true,"href":"https:\/\/rocher-barrat.fr\/index.php?rest_route=%2Fwp%2Fv2%2Fcomments&post=1134"}],"version-history":[{"count":10,"href":"https:\/\/rocher-barrat.fr\/index.php?rest_route=\/wp\/v2\/pages\/1134\/revisions"}],"predecessor-version":[{"id":1291,"href":"https:\/\/rocher-barrat.fr\/index.php?rest_route=\/wp\/v2\/pages\/1134\/revisions\/1291"}],"wp:featuredmedia":[{"embeddable":true,"href":"https:\/\/rocher-barrat.fr\/index.php?rest_route=\/wp\/v2\/media\/1255"}],"wp:attachment":[{"href":"https:\/\/rocher-barrat.fr\/index.php?rest_route=%2Fwp%2Fv2%2Fmedia&parent=1134"}],"curies":[{"name":"wp","href":"https:\/\/api.w.org\/{rel}","templated":true}]}}